{"id":474,"date":"2024-09-26T10:18:44","date_gmt":"2024-09-26T10:18:44","guid":{"rendered":"https:\/\/clubheavenbudapest.com\/?page_id=474"},"modified":"2024-09-26T10:33:43","modified_gmt":"2024-09-26T10:33:43","slug":"alcohol-consumption-policy","status":"publish","type":"page","link":"https:\/\/clubheavenbudapest.com\/hu\/alcohol-consumption-policy\/","title":{"rendered":"Alkohol fogyaszt\u00e1si ir\u00e1nyelv"},"content":{"rendered":"<div data-elementor-type=\"wp-page\" data-elementor-id=\"474\" class=\"elementor elementor-474\" data-elementor-settings=\"{&quot;element_pack_global_tooltip_width&quot;:{&quot;unit&quot;:&quot;px&quot;,&quot;size&quot;:&quot;&quot;,&quot;sizes&quot;:[]},&quot;element_pack_global_tooltip_width_tablet&quot;:{&quot;unit&quot;:&quot;px&quot;,&quot;size&quot;:&quot;&quot;,&quot;sizes&quot;:[]},&quot;element_pack_global_tooltip_width_mobile&quot;:{&quot;unit&quot;:&quot;px&quot;,&quot;size&quot;:&quot;&quot;,&quot;sizes&quot;:[]},&quot;element_pack_global_tooltip_padding&quot;:{&quot;unit&quot;:&quot;px&quot;,&quot;top&quot;:&quot;&quot;,&quot;right&quot;:&quot;&quot;,&quot;bottom&quot;:&quot;&quot;,&quot;left&quot;:&quot;&quot;,&quot;isLinked&quot;:true},&quot;element_pack_global_tooltip_padding_tablet&quot;:{&quot;unit&quot;:&quot;px&quot;,&quot;top&quot;:&quot;&quot;,&quot;right&quot;:&quot;&quot;,&quot;bottom&quot;:&quot;&quot;,&quot;left&quot;:&quot;&quot;,&quot;isLinked&quot;:true},&quot;element_pack_global_tooltip_padding_mobile&quot;:{&quot;unit&quot;:&quot;px&quot;,&quot;top&quot;:&quot;&quot;,&quot;right&quot;:&quot;&quot;,&quot;bottom&quot;:&quot;&quot;,&quot;left&quot;:&quot;&quot;,&quot;isLinked&quot;:true},&quot;element_pack_global_tooltip_border_radius&quot;:{&quot;unit&quot;:&quot;px&quot;,&quot;top&quot;:&quot;&quot;,&quot;right&quot;:&quot;&quot;,&quot;bottom&quot;:&quot;&quot;,&quot;left&quot;:&quot;&quot;,&quot;isLinked&quot;:true},&quot;element_pack_global_tooltip_border_radius_tablet&quot;:{&quot;unit&quot;:&quot;px&quot;,&quot;top&quot;:&quot;&quot;,&quot;right&quot;:&quot;&quot;,&quot;bottom&quot;:&quot;&quot;,&quot;left&quot;:&quot;&quot;,&quot;isLinked&quot;:true},&quot;element_pack_global_tooltip_border_radius_mobile&quot;:{&quot;unit&quot;:&quot;px&quot;,&quot;top&quot;:&quot;&quot;,&quot;right&quot;:&quot;&quot;,&quot;bottom&quot;:&quot;&quot;,&quot;left&quot;:&quot;&quot;,&quot;isLinked&quot;:true}}\" data-elementor-post-type=\"page\">\n\t\t\t\t<div class=\"elementor-element elementor-element-3e43ca4 e-flex e-con-boxed e-con e-parent\" data-id=\"3e43ca4\" data-element_type=\"container\" data-e-type=\"container\" data-settings=\"{&quot;background_background&quot;:&quot;classic&quot;}\">\n\t\t\t\t\t<div class=\"e-con-inner\">\n\t\t\t\t<div class=\"elementor-element elementor-element-52862ac elementor-widget elementor-widget-text-editor\" data-id=\"52862ac\" data-element_type=\"widget\" data-e-type=\"widget\" data-widget_type=\"text-editor.default\">\n\t\t\t\t<div class=\"elementor-widget-container\">\n\t\t\t\t\t\t\t\t\t<p><strong>FIGYELEM!<\/strong><br \/>B\u00e1rmilyen alkoholos ital behozatala tilos.<br \/>A Club Heaven ter\u00fclet\u00e9n \u00e9rt\u00e9kes\u00edtett alkoholos italok kiz\u00e1r\u00f3lag a Club ter\u00fclet\u00e9n bel\u00fcl fogyaszthat\u00f3ak. A\u00a0sz\u00f3rakoz\u00f3helyr\u0151l t\u00f6rt\u00e9n\u0151\u00a0kivitel\u00fck b\u00e1rmely form\u00e1ban (poh\u00e1r, \u00fcveg) SZIGOR\u00daAN TILOS!<br \/>Meg\u00e9rt\u00e9seteket k\u00f6sz\u00f6nj\u00fck!<\/p><p>\u00a0<\/p><p><strong>ATT<\/strong><strong>ENTION!<\/strong><br \/>Any alcoholic drink purchased within confines of Club Heaven can only be consumed at Club Heaven. Alcoholic drink are not allowed to be carried outside of the Club in any form (cup, glass, bottle).<br \/>Please note that within district V. the consumption of alcohol is strictly forbidden in public places. Violation of the will result in legal consequences by the Police.<br \/>Thank you for making Club Heaven and Budapest a cleaner place!<\/p>\t\t\t\t\t\t\t\t<\/div>\n\t\t\t\t<\/div>\n\t\t\t\t\t<\/div>\n\t\t\t\t<\/div>\n\t\t\t\t<\/div>","protected":false},"excerpt":{"rendered":"<p>FIGYELEM!B\u00e1rmilyen alkoholos ital behozatala tilos.A Club Heaven ter\u00fclet\u00e9n \u00e9rt\u00e9kes\u00edtett alkoholos italok kiz\u00e1r\u00f3lag a Club ter\u00fclet\u00e9n bel\u00fcl fogyaszthat\u00f3ak. A\u00a0sz\u00f3rakoz\u00f3helyr\u0151l t\u00f6rt\u00e9n\u0151\u00a0kivitel\u00fck b\u00e1rmely form\u00e1ban (poh\u00e1r, \u00fcveg) SZIGOR\u00daAN TILOS!Meg\u00e9rt\u00e9seteket k\u00f6sz\u00f6nj\u00fck! \u00a0 ATTENTION!Any alcoholic drink purchased within confines of Club Heaven can only be consumed at Club Heaven. Alcoholic drink are not allowed to be carried outside of the Club [&hellip;]<\/p>\n","protected":false},"author":1,"featured_media":286,"parent":0,"menu_order":0,"comment_status":"closed","ping_status":"closed","template":"elementor_header_footer","meta":{"_acf_changed":false,"footnotes":""},"class_list":["post-474","page","type-page","status-publish","has-post-thumbnail","hentry"],"acf":[],"_links":{"self":[{"href":"https:\/\/clubheavenbudapest.com\/hu\/wp-json\/wp\/v2\/pages\/474","targetHints":{"allow":["GET"]}}],"collection":[{"href":"https:\/\/clubheavenbudapest.com\/hu\/wp-json\/wp\/v2\/pages"}],"about":[{"href":"https:\/\/clubheavenbudapest.com\/hu\/wp-json\/wp\/v2\/types\/page"}],"author":[{"embeddable":true,"href":"https:\/\/clubheavenbudapest.com\/hu\/wp-json\/wp\/v2\/users\/1"}],"replies":[{"embeddable":true,"href":"https:\/\/clubheavenbudapest.com\/hu\/wp-json\/wp\/v2\/comments?post=474"}],"version-history":[{"count":0,"href":"https:\/\/clubheavenbudapest.com\/hu\/wp-json\/wp\/v2\/pages\/474\/revisions"}],"wp:featuredmedia":[{"embeddable":true,"href":"https:\/\/clubheavenbudapest.com\/hu\/wp-json\/wp\/v2\/media\/286"}],"wp:attachment":[{"href":"https:\/\/clubheavenbudapest.com\/hu\/wp-json\/wp\/v2\/media?parent=474"}],"curies":[{"name":"wp","href":"https:\/\/api.w.org\/{rel}","templated":true}]}}